{"id":9,"date":"2020-02-06T22:13:13","date_gmt":"2020-02-06T22:13:13","guid":{"rendered":"http:\/\/klavierstimmen-hamburg.com\/?page_id=9"},"modified":"2020-02-18T21:50:37","modified_gmt":"2020-02-18T21:50:37","slug":"home","status":"publish","type":"page","link":"https:\/\/klavierstimmen-hamburg.com\/","title":{"rendered":"Home"},"content":{"rendered":"<h1 id=\"wilkommen\">Liebe Freunde der Klaviermusik, herzlich willkommen!<\/h1>\n<p><img loading=\"lazy\" decoding=\"async\" class=\"alignnone wp-image-71 size-large\" src=\"http:\/\/klavierstimmen-hamburg.com\/wp-content\/uploads\/2020\/02\/personal-foto-1024x600.jpg\" alt=\"\" width=\"525\" height=\"308\" srcset=\"https:\/\/klavierstimmen-hamburg.com\/wp-content\/uploads\/2020\/02\/personal-foto-1024x600.jpg 1024w, https:\/\/klavierstimmen-hamburg.com\/wp-content\/uploads\/2020\/02\/personal-foto-300x176.jpg 300w, https:\/\/klavierstimmen-hamburg.com\/wp-content\/uploads\/2020\/02\/personal-foto-768x450.jpg 768w, https:\/\/klavierstimmen-hamburg.com\/wp-content\/uploads\/2020\/02\/personal-foto.jpg 1280w\" sizes=\"auto, (max-width: 525px) 100vw, 525px\" \/><\/p>\n<p>Firma Klavier-Markt geh\u00f6rt zu den hochqualifizierten Fachgesch\u00e4ften Hamburgs. Die Professionalit\u00e4t und Fachkompetenz k\u00f6nnen wir anhand vieler restaurierte Instrumente nachweisen. Wir versichern Ihnen eine pers\u00f6nliche Betreuung von Beratung bis zum Kauf oder Reparatur eines Instruments. In unserer Werkstatt arbeiten die Koryph\u00e4en des Klavierbauens.<\/p>\n","protected":false},"excerpt":{"rendered":"<p>Liebe Freunde der Klaviermusik, herzlich willkommen! Firma Klavier-Markt geh\u00f6rt zu den hochqualifizierten Fachgesch\u00e4ften Hamburgs. Die Professionalit\u00e4t und Fachkompetenz k\u00f6nnen wir anhand vieler restaurierte Instrumente nachweisen. Wir versichern Ihnen eine pers\u00f6nliche Betreuung von Beratung bis zum Kauf oder Reparatur eines Instruments. In unserer Werkstatt arbeiten die Koryph\u00e4en des Klavierbauens.<\/p>\n","protected":false},"author":1,"featured_media":0,"parent":0,"menu_order":0,"comment_status":"closed","ping_status":"closed","template":"","meta":{"footnotes":""},"class_list":["post-9","page","type-page","status-publish","hentry"],"_links":{"self":[{"href":"https:\/\/klavierstimmen-hamburg.com\/index.php?rest_route=\/wp\/v2\/pages\/9","targetHints":{"allow":["GET"]}}],"collection":[{"href":"https:\/\/klavierstimmen-hamburg.com\/index.php?rest_route=\/wp\/v2\/pages"}],"about":[{"href":"https:\/\/klavierstimmen-hamburg.com\/index.php?rest_route=\/wp\/v2\/types\/page"}],"author":[{"embeddable":true,"href":"https:\/\/klavierstimmen-hamburg.com\/index.php?rest_route=\/wp\/v2\/users\/1"}],"replies":[{"embeddable":true,"href":"https:\/\/klavierstimmen-hamburg.com\/index.php?rest_route=%2Fwp%2Fv2%2Fcomments&post=9"}],"version-history":[{"count":5,"href":"https:\/\/klavierstimmen-hamburg.com\/index.php?rest_route=\/wp\/v2\/pages\/9\/revisions"}],"predecessor-version":[{"id":127,"href":"https:\/\/klavierstimmen-hamburg.com\/index.php?rest_route=\/wp\/v2\/pages\/9\/revisions\/127"}],"wp:attachment":[{"href":"https:\/\/klavierstimmen-hamburg.com\/index.php?rest_route=%2Fwp%2Fv2%2Fmedia&parent=9"}],"curies":[{"name":"wp","href":"https:\/\/api.w.org\/{rel}","templated":true}]}}